{"id":3582,"date":"2024-10-11T17:30:47","date_gmt":"2024-10-11T17:30:47","guid":{"rendered":"https:\/\/luisvallejoestudiobonsai.com\/?page_id=3582"},"modified":"2025-03-19T17:57:09","modified_gmt":"2025-03-19T17:57:09","slug":"espacio-jardin","status":"publish","type":"page","link":"https:\/\/luisvallejoestudiobonsai.com\/en\/espacio-jardin\/","title":{"rendered":"Espacio Jard\u00edn"},"content":{"rendered":"<div class=\"wpb-content-wrapper\"><p>[vc_row][vc_column width=&#8221;1\/1&#8243;][vc_row_inner][vc_column_inner width=&#8221;1\/3&#8243;][vc_single_image media=&#8221;3458&#8243; media_width_percent=&#8221;100&#8243; media_ratio=&#8221;nine-sixteen&#8221; alignment=&#8221;center&#8221; advanced=&#8221;yes&#8221; media_overlay_opacity=&#8221;1&#8243; media_image_coloration=&#8221;desaturated&#8221; media_image_color_anim=&#8221;yes&#8221; media_padding=&#8221;2&#8243; uncode_shortcode_id=&#8221;129129&#8243;][vc_custom_heading text_color=&#8221;color-nhtu&#8221; heading_semantic=&#8221;h3&#8243; text_font=&#8221;font-114050&#8243; text_size=&#8221;h3&#8243; text_weight=&#8221;300&#8243; uncode_shortcode_id=&#8221;104200&#8243; text_color_type=&#8221;uncode-palette&#8221;]Guided tours[\/vc_custom_heading][vc_column_text uncode_shortcode_id=&#8221;178013&#8243;]<\/p>\n<p class=\"x_MsoNormal\">in the morning (except Sundays)<br \/>\nMaximum 20 people<br \/>\nPrice: \u20ac120\/group including entrance.<\/p>\n<p>[\/vc_column_text][\/vc_column_inner][vc_column_inner width=&#8221;1\/3&#8243;][vc_single_image media=&#8221;3585&#8243; media_width_percent=&#8221;100&#8243; media_ratio=&#8221;nine-sixteen&#8221; alignment=&#8221;center&#8221; advanced=&#8221;yes&#8221; media_overlay_opacity=&#8221;1&#8243; media_image_coloration=&#8221;desaturated&#8221; media_image_color_anim=&#8221;yes&#8221; media_padding=&#8221;2&#8243; uncode_shortcode_id=&#8221;182254&#8243;][vc_custom_heading text_color=&#8221;color-nhtu&#8221; heading_semantic=&#8221;h3&#8243; text_font=&#8221;font-114050&#8243; text_size=&#8221;h3&#8243; text_weight=&#8221;300&#8243; uncode_shortcode_id=&#8221;608736&#8243; text_color_type=&#8221;uncode-palette&#8221;]Private events[\/vc_custom_heading][vc_column_text uncode_shortcode_id=&#8221;221073&#8243;]Exclusive events for small groups (maximum 20 people)<br \/>\nGuided tour and breakfast or aperitif, which can be completed with a workshop or activity. Work groups, promotional events, etc.<\/p>\n<p>The space we have is mostly outside, the events are held in the exhibition area among the specimens of the collection, so capacity is limited.[\/vc_column_text][\/vc_column_inner][vc_column_inner width=&#8221;1\/3&#8243;][vc_single_image media=&#8221;3584&#8243; media_width_percent=&#8221;100&#8243; media_ratio=&#8221;nine-sixteen&#8221; alignment=&#8221;center&#8221; advanced=&#8221;yes&#8221; media_overlay_opacity=&#8221;1&#8243; media_image_coloration=&#8221;desaturated&#8221; media_image_color_anim=&#8221;yes&#8221; media_padding=&#8221;2&#8243; uncode_shortcode_id=&#8221;209855&#8243;][vc_custom_heading text_color=&#8221;color-nhtu&#8221; heading_semantic=&#8221;h3&#8243; text_font=&#8221;font-114050&#8243; text_size=&#8221;h3&#8243; text_weight=&#8221;300&#8243; uncode_shortcode_id=&#8221;156362&#8243; text_color_type=&#8221;uncode-palette&#8221;]School visits[\/vc_custom_heading][vc_column_text uncode_shortcode_id=&#8221;131693&#8243;]<\/p>\n<p class=\"x_MsoNormal\">Activities for groups with a visit to the garden, from Tuesday to Friday in the morning.<br \/>\nMaximum 20 children\/group<br \/>\nPrice: \u20ac100\/group<\/p>\n<p>[\/vc_column_text][\/vc_column_inner][\/vc_row_inner][vc_row_inner][vc_column_inner width=&#8221;1\/3&#8243;][vc_single_image media=&#8221;1839&#8243; media_width_percent=&#8221;100&#8243; media_ratio=&#8221;nine-sixteen&#8221; alignment=&#8221;center&#8221; advanced=&#8221;yes&#8221; media_overlay_opacity=&#8221;1&#8243; media_image_coloration=&#8221;desaturated&#8221; media_image_color_anim=&#8221;yes&#8221; media_padding=&#8221;2&#8243; uncode_shortcode_id=&#8221;819708&#8243;][vc_custom_heading text_color=&#8221;color-nhtu&#8221; heading_semantic=&#8221;h3&#8243; text_font=&#8221;font-114050&#8243; text_size=&#8221;h3&#8243; text_weight=&#8221;300&#8243; uncode_shortcode_id=&#8221;126881&#8243; text_color_type=&#8221;uncode-palette&#8221;]Kokedama Workshop[\/vc_custom_heading][vc_column_text uncode_shortcode_id=&#8221;101430&#8243;]This is a Japanese technique for decorating with plants.<br \/>\nIn this technique, the pot is replaced by a ball of special substrate and moss, transforming our plant into a very original element that can be hung or placed on a base.<br \/>\nWe provide all the materials and teach the technique step by step. Each student will take home the kokedama they make in the workshop.<br \/>\nThe workshop includes a visit to the collection and breakfast or snack.<br \/>\nPrice \u20ac50\/person[\/vc_column_text][\/vc_column_inner][vc_column_inner width=&#8221;1\/3&#8243;][vc_single_image media=&#8221;2494&#8243; media_width_percent=&#8221;100&#8243; media_ratio=&#8221;nine-sixteen&#8221; alignment=&#8221;center&#8221; advanced=&#8221;yes&#8221; media_overlay_opacity=&#8221;1&#8243; media_image_coloration=&#8221;desaturated&#8221; media_image_color_anim=&#8221;yes&#8221; media_padding=&#8221;2&#8243; uncode_shortcode_id=&#8221;525075&#8243;][vc_custom_heading text_color=&#8221;color-nhtu&#8221; heading_semantic=&#8221;h3&#8243; text_font=&#8221;font-114050&#8243; text_size=&#8221;h3&#8243; text_weight=&#8221;300&#8243; uncode_shortcode_id=&#8221;128630&#8243; text_color_type=&#8221;uncode-palette&#8221;]Photo Shoot[\/vc_custom_heading][vc_column_text uncode_shortcode_id=&#8221;124788&#8243;]<\/p>\n<p class=\"x_MsoNormal\">Photo Shoot can be held in the garden on Wednesdays and Thursdays in the morning.<br \/>\nPrice \u20ac100\/day<\/p>\n<p>[\/vc_column_text][\/vc_column_inner][vc_column_inner width=&#8221;1\/3&#8243;][vc_single_image media=&#8221;2164&#8243; media_width_percent=&#8221;100&#8243; media_ratio=&#8221;nine-sixteen&#8221; alignment=&#8221;center&#8221; advanced=&#8221;yes&#8221; media_overlay_opacity=&#8221;1&#8243; media_image_coloration=&#8221;desaturated&#8221; media_image_color_anim=&#8221;yes&#8221; media_padding=&#8221;2&#8243; uncode_shortcode_id=&#8221;875590&#8243;][vc_custom_heading text_color=&#8221;color-nhtu&#8221; heading_semantic=&#8221;h3&#8243; text_font=&#8221;font-114050&#8243; text_size=&#8221;h3&#8243; text_weight=&#8221;300&#8243; uncode_shortcode_id=&#8221;574738&#8243; text_color_type=&#8221;uncode-palette&#8221;]Specialized workshops[\/vc_custom_heading][vc_column_text uncode_shortcode_id=&#8221;146779&#8243;]<\/p>\n<p class=\"x_MsoNormal\">There will be specific workshops related to bonsai and Japanese culture that will be announced on our website and social networks.<\/p>\n<p>[\/vc_column_text][\/vc_column_inner][\/vc_row_inner][vc_column_text uncode_shortcode_id=&#8221;637646&#8243;]For more information, please contact:<br \/>\n<a href=\"mailto:bons%C3%A1i@luisvallejo.com\" data-linkindex=\"0\">bons\u00e1i@luisvallejo.com<\/a>[\/vc_column_text][\/vc_column][\/vc_row]<\/p>\n<\/div>","protected":false},"excerpt":{"rendered":"<p>[vc_row][vc_column width=&#8221;1\/1&#8243;][vc_row_inner][vc_column_inner width=&#8221;1\/3&#8243;][vc_single_image media=&#8221;3458&#8243; media_width_percent=&#8221;100&#8243; media_ratio=&#8221;nine-sixteen&#8221; alignment=&#8221;center&#8221; advanced=&#8221;yes&#8221; media_overlay_opacity=&#8221;1&#8243; media_image_coloration=&#8221;desaturated&#8221; media_image_color_anim=&#8221;yes&#8221; media_padding=&#8221;2&#8243; uncode_shortcode_id=&#8221;129129&#8243;][vc_custom_heading text_color=&#8221;color-nhtu&#8221; heading_semantic=&#8221;h3&#8243; text_font=&#8221;font-114050&#8243; text_size=&#8221;h3&#8243; text_weight=&#8221;300&#8243; uncode_shortcode_id=&#8221;104200&#8243; text_color_type=&#8221;uncode-palette&#8221;]Guided [&hellip;]<\/p>\n","protected":false},"author":1,"featured_media":0,"parent":0,"menu_order":0,"comment_status":"closed","ping_status":"closed","template":"","meta":{"footnotes":""},"class_list":["post-3582","page","type-page","status-publish","hentry"],"yoast_head":"<!-- This site is optimized with the Yoast SEO plugin v27.3 - https:\/\/yoast.com\/product\/yoast-seo-wordpress\/ -->\n<title>Espacio Jard\u00edn - Luis Vallejo. Bons\u00e1i Museum<\/title>\n<meta name=\"description\" content=\"El Jard\u00edn bons\u00e1i Luis Vallejo, est\u00e1 considerada como una de las mejores colecciones de bons\u00e1i fuera de Jap\u00f3n en cuanto a variedad y calidad de sus ejemplares. La colecci\u00f3n cuenta con ejemplares aut\u00f3ctonos dise\u00f1ados por Luis Vallejo y ejemplares de Maestros japoneses destacados como; Masahiko Kimura, Saburo Kato, Hiroshi Takeyama o Shinji Suzuki. \u00bfTodav\u00eda no has visitado nuestro Jard\u00edn? \u00bfno has visto nuestra maravillosa tienda? Te esperamos!\" \/>\n<meta name=\"robots\" content=\"index, follow, max-snippet:-1, max-image-preview:large, max-video-preview:-1\" \/>\n<link rel=\"canonical\" href=\"https:\/\/luisvallejoestudiobonsai.com\/en\/espacio-jardin\/\" \/>\n<meta property=\"og:locale\" content=\"en_US\" \/>\n<meta property=\"og:type\" content=\"article\" \/>\n<meta property=\"og:title\" content=\"Espacio Jard\u00edn - Luis Vallejo. Bons\u00e1i Museum\" \/>\n<meta property=\"og:description\" content=\"El Jard\u00edn bons\u00e1i Luis Vallejo, est\u00e1 considerada como una de las mejores colecciones de bons\u00e1i fuera de Jap\u00f3n en cuanto a variedad y calidad de sus ejemplares. La colecci\u00f3n cuenta con ejemplares aut\u00f3ctonos dise\u00f1ados por Luis Vallejo y ejemplares de Maestros japoneses destacados como; Masahiko Kimura, Saburo Kato, Hiroshi Takeyama o Shinji Suzuki. \u00bfTodav\u00eda no has visitado nuestro Jard\u00edn? \u00bfno has visto nuestra maravillosa tienda? Te esperamos!\" \/>\n<meta property=\"og:url\" content=\"https:\/\/luisvallejoestudiobonsai.com\/en\/espacio-jardin\/\" \/>\n<meta property=\"og:site_name\" content=\"Luis Vallejo. Bons\u00e1i Museum\" \/>\n<meta property=\"article:publisher\" content=\"https:\/\/www.facebook.com\/lveb.museo.7\" \/>\n<meta property=\"article:modified_time\" content=\"2025-03-19T17:57:09+00:00\" \/>\n<meta name=\"twitter:card\" content=\"summary_large_image\" \/>\n<meta name=\"twitter:label1\" content=\"Est. reading time\" \/>\n\t<meta name=\"twitter:data1\" content=\"2 minutes\" \/>\n<script type=\"application\/ld+json\" class=\"yoast-schema-graph\">{\"@context\":\"https:\\\/\\\/schema.org\",\"@graph\":[{\"@type\":\"WebPage\",\"@id\":\"https:\\\/\\\/luisvallejoestudiobonsai.com\\\/en\\\/espacio-jardin\\\/\",\"url\":\"https:\\\/\\\/luisvallejoestudiobonsai.com\\\/en\\\/espacio-jardin\\\/\",\"name\":\"Espacio Jard\u00edn - Luis Vallejo. Bons\u00e1i Museum\",\"isPartOf\":{\"@id\":\"https:\\\/\\\/luisvallejoestudiobonsai.com\\\/en\\\/#website\"},\"datePublished\":\"2024-10-11T17:30:47+00:00\",\"dateModified\":\"2025-03-19T17:57:09+00:00\",\"description\":\"El Jard\u00edn bons\u00e1i Luis Vallejo, est\u00e1 considerada como una de las mejores colecciones de bons\u00e1i fuera de Jap\u00f3n en cuanto a variedad y calidad de sus ejemplares. La colecci\u00f3n cuenta con ejemplares aut\u00f3ctonos dise\u00f1ados por Luis Vallejo y ejemplares de Maestros japoneses destacados como; Masahiko Kimura, Saburo Kato, Hiroshi Takeyama o Shinji Suzuki. \u00bfTodav\u00eda no has visitado nuestro Jard\u00edn? \u00bfno has visto nuestra maravillosa tienda? Te esperamos!\",\"breadcrumb\":{\"@id\":\"https:\\\/\\\/luisvallejoestudiobonsai.com\\\/en\\\/espacio-jardin\\\/#breadcrumb\"},\"inLanguage\":\"en-US\",\"potentialAction\":[{\"@type\":\"ReadAction\",\"target\":[\"https:\\\/\\\/luisvallejoestudiobonsai.com\\\/en\\\/espacio-jardin\\\/\"]}]},{\"@type\":\"BreadcrumbList\",\"@id\":\"https:\\\/\\\/luisvallejoestudiobonsai.com\\\/en\\\/espacio-jardin\\\/#breadcrumb\",\"itemListElement\":[{\"@type\":\"ListItem\",\"position\":1,\"name\":\"Portada\",\"item\":\"https:\\\/\\\/luisvallejoestudiobonsai.com\\\/en\\\/\"},{\"@type\":\"ListItem\",\"position\":2,\"name\":\"Espacio Jard\u00edn\"}]},{\"@type\":\"WebSite\",\"@id\":\"https:\\\/\\\/luisvallejoestudiobonsai.com\\\/en\\\/#website\",\"url\":\"https:\\\/\\\/luisvallejoestudiobonsai.com\\\/en\\\/\",\"name\":\"Luis Vallejo. Bons\u00e1i Museum\",\"description\":\"Bons\u00e1i Museum Luis Vallejo in Alcobendas, Madrid\",\"publisher\":{\"@id\":\"https:\\\/\\\/luisvallejoestudiobonsai.com\\\/en\\\/#organization\"},\"potentialAction\":[{\"@type\":\"SearchAction\",\"target\":{\"@type\":\"EntryPoint\",\"urlTemplate\":\"https:\\\/\\\/luisvallejoestudiobonsai.com\\\/en\\\/?s={search_term_string}\"},\"query-input\":{\"@type\":\"PropertyValueSpecification\",\"valueRequired\":true,\"valueName\":\"search_term_string\"}}],\"inLanguage\":\"en-US\"},{\"@type\":\"Organization\",\"@id\":\"https:\\\/\\\/luisvallejoestudiobonsai.com\\\/en\\\/#organization\",\"name\":\"Museo Bons\u00e1i Luis Vallejo\",\"url\":\"https:\\\/\\\/luisvallejoestudiobonsai.com\\\/en\\\/\",\"logo\":{\"@type\":\"ImageObject\",\"inLanguage\":\"en-US\",\"@id\":\"https:\\\/\\\/luisvallejoestudiobonsai.com\\\/en\\\/#\\\/schema\\\/logo\\\/image\\\/\",\"url\":\"https:\\\/\\\/luisvallejoestudiobonsai.com\\\/en\\\/wp-content\\\/uploads\\\/2024\\\/06\\\/cropped-monograma_JardinBonsai_LuisVallejo.png\",\"contentUrl\":\"https:\\\/\\\/luisvallejoestudiobonsai.com\\\/en\\\/wp-content\\\/uploads\\\/2024\\\/06\\\/cropped-monograma_JardinBonsai_LuisVallejo.png\",\"width\":512,\"height\":512,\"caption\":\"Museo Bons\u00e1i Luis Vallejo\"},\"image\":{\"@id\":\"https:\\\/\\\/luisvallejoestudiobonsai.com\\\/en\\\/#\\\/schema\\\/logo\\\/image\\\/\"},\"sameAs\":[\"https:\\\/\\\/www.facebook.com\\\/lveb.museo.7\",\"https:\\\/\\\/www.instagram.com\\\/luis_arceval\\\/\",\"https:\\\/\\\/www.youtube.com\\\/channel\\\/UCARDh4tmO1DY9bfI6lKAHvg\"]}]}<\/script>\n<!-- \/ Yoast SEO plugin. -->","yoast_head_json":{"title":"Espacio Jard\u00edn - Luis Vallejo. Bons\u00e1i Museum","description":"El Jard\u00edn bons\u00e1i Luis Vallejo, est\u00e1 considerada como una de las mejores colecciones de bons\u00e1i fuera de Jap\u00f3n en cuanto a variedad y calidad de sus ejemplares. La colecci\u00f3n cuenta con ejemplares aut\u00f3ctonos dise\u00f1ados por Luis Vallejo y ejemplares de Maestros japoneses destacados como; Masahiko Kimura, Saburo Kato, Hiroshi Takeyama o Shinji Suzuki. \u00bfTodav\u00eda no has visitado nuestro Jard\u00edn? \u00bfno has visto nuestra maravillosa tienda? Te esperamos!","robots":{"index":"index","follow":"follow","max-snippet":"max-snippet:-1","max-image-preview":"max-image-preview:large","max-video-preview":"max-video-preview:-1"},"canonical":"https:\/\/luisvallejoestudiobonsai.com\/en\/espacio-jardin\/","og_locale":"en_US","og_type":"article","og_title":"Espacio Jard\u00edn - Luis Vallejo. Bons\u00e1i Museum","og_description":"El Jard\u00edn bons\u00e1i Luis Vallejo, est\u00e1 considerada como una de las mejores colecciones de bons\u00e1i fuera de Jap\u00f3n en cuanto a variedad y calidad de sus ejemplares. La colecci\u00f3n cuenta con ejemplares aut\u00f3ctonos dise\u00f1ados por Luis Vallejo y ejemplares de Maestros japoneses destacados como; Masahiko Kimura, Saburo Kato, Hiroshi Takeyama o Shinji Suzuki. \u00bfTodav\u00eda no has visitado nuestro Jard\u00edn? \u00bfno has visto nuestra maravillosa tienda? Te esperamos!","og_url":"https:\/\/luisvallejoestudiobonsai.com\/en\/espacio-jardin\/","og_site_name":"Luis Vallejo. Bons\u00e1i Museum","article_publisher":"https:\/\/www.facebook.com\/lveb.museo.7","article_modified_time":"2025-03-19T17:57:09+00:00","twitter_card":"summary_large_image","twitter_misc":{"Est. reading time":"2 minutes"},"schema":{"@context":"https:\/\/schema.org","@graph":[{"@type":"WebPage","@id":"https:\/\/luisvallejoestudiobonsai.com\/en\/espacio-jardin\/","url":"https:\/\/luisvallejoestudiobonsai.com\/en\/espacio-jardin\/","name":"Espacio Jard\u00edn - Luis Vallejo. Bons\u00e1i Museum","isPartOf":{"@id":"https:\/\/luisvallejoestudiobonsai.com\/en\/#website"},"datePublished":"2024-10-11T17:30:47+00:00","dateModified":"2025-03-19T17:57:09+00:00","description":"El Jard\u00edn bons\u00e1i Luis Vallejo, est\u00e1 considerada como una de las mejores colecciones de bons\u00e1i fuera de Jap\u00f3n en cuanto a variedad y calidad de sus ejemplares. La colecci\u00f3n cuenta con ejemplares aut\u00f3ctonos dise\u00f1ados por Luis Vallejo y ejemplares de Maestros japoneses destacados como; Masahiko Kimura, Saburo Kato, Hiroshi Takeyama o Shinji Suzuki. \u00bfTodav\u00eda no has visitado nuestro Jard\u00edn? \u00bfno has visto nuestra maravillosa tienda? Te esperamos!","breadcrumb":{"@id":"https:\/\/luisvallejoestudiobonsai.com\/en\/espacio-jardin\/#breadcrumb"},"inLanguage":"en-US","potentialAction":[{"@type":"ReadAction","target":["https:\/\/luisvallejoestudiobonsai.com\/en\/espacio-jardin\/"]}]},{"@type":"BreadcrumbList","@id":"https:\/\/luisvallejoestudiobonsai.com\/en\/espacio-jardin\/#breadcrumb","itemListElement":[{"@type":"ListItem","position":1,"name":"Portada","item":"https:\/\/luisvallejoestudiobonsai.com\/en\/"},{"@type":"ListItem","position":2,"name":"Espacio Jard\u00edn"}]},{"@type":"WebSite","@id":"https:\/\/luisvallejoestudiobonsai.com\/en\/#website","url":"https:\/\/luisvallejoestudiobonsai.com\/en\/","name":"Luis Vallejo. Bons\u00e1i Museum","description":"Bons\u00e1i Museum Luis Vallejo in Alcobendas, Madrid","publisher":{"@id":"https:\/\/luisvallejoestudiobonsai.com\/en\/#organization"},"potentialAction":[{"@type":"SearchAction","target":{"@type":"EntryPoint","urlTemplate":"https:\/\/luisvallejoestudiobonsai.com\/en\/?s={search_term_string}"},"query-input":{"@type":"PropertyValueSpecification","valueRequired":true,"valueName":"search_term_string"}}],"inLanguage":"en-US"},{"@type":"Organization","@id":"https:\/\/luisvallejoestudiobonsai.com\/en\/#organization","name":"Museo Bons\u00e1i Luis Vallejo","url":"https:\/\/luisvallejoestudiobonsai.com\/en\/","logo":{"@type":"ImageObject","inLanguage":"en-US","@id":"https:\/\/luisvallejoestudiobonsai.com\/en\/#\/schema\/logo\/image\/","url":"https:\/\/luisvallejoestudiobonsai.com\/en\/wp-content\/uploads\/2024\/06\/cropped-monograma_JardinBonsai_LuisVallejo.png","contentUrl":"https:\/\/luisvallejoestudiobonsai.com\/en\/wp-content\/uploads\/2024\/06\/cropped-monograma_JardinBonsai_LuisVallejo.png","width":512,"height":512,"caption":"Museo Bons\u00e1i Luis Vallejo"},"image":{"@id":"https:\/\/luisvallejoestudiobonsai.com\/en\/#\/schema\/logo\/image\/"},"sameAs":["https:\/\/www.facebook.com\/lveb.museo.7","https:\/\/www.instagram.com\/luis_arceval\/","https:\/\/www.youtube.com\/channel\/UCARDh4tmO1DY9bfI6lKAHvg"]}]}},"_links":{"self":[{"href":"https:\/\/luisvallejoestudiobonsai.com\/en\/wp-json\/wp\/v2\/pages\/3582","targetHints":{"allow":["GET"]}}],"collection":[{"href":"https:\/\/luisvallejoestudiobonsai.com\/en\/wp-json\/wp\/v2\/pages"}],"about":[{"href":"https:\/\/luisvallejoestudiobonsai.com\/en\/wp-json\/wp\/v2\/types\/page"}],"author":[{"embeddable":true,"href":"https:\/\/luisvallejoestudiobonsai.com\/en\/wp-json\/wp\/v2\/users\/1"}],"replies":[{"embeddable":true,"href":"https:\/\/luisvallejoestudiobonsai.com\/en\/wp-json\/wp\/v2\/comments?post=3582"}],"version-history":[{"count":6,"href":"https:\/\/luisvallejoestudiobonsai.com\/en\/wp-json\/wp\/v2\/pages\/3582\/revisions"}],"predecessor-version":[{"id":3842,"href":"https:\/\/luisvallejoestudiobonsai.com\/en\/wp-json\/wp\/v2\/pages\/3582\/revisions\/3842"}],"wp:attachment":[{"href":"https:\/\/luisvallejoestudiobonsai.com\/en\/wp-json\/wp\/v2\/media?parent=3582"}],"curies":[{"name":"wp","href":"https:\/\/api.w.org\/{rel}","templated":true}]}}