{"id":1493,"date":"2021-04-23T11:10:43","date_gmt":"2021-04-23T11:10:43","guid":{"rendered":"https:\/\/luisvallejoestudiobonsai.com\/?page_id=1493"},"modified":"2021-07-08T11:16:35","modified_gmt":"2021-07-08T11:16:35","slug":"condiciones-de-uso","status":"publish","type":"page","link":"https:\/\/luisvallejoestudiobonsai.com\/en\/condiciones-de-uso\/","title":{"rendered":"Condiciones de uso"},"content":{"rendered":"<div class=\"wpb-content-wrapper\"><p>[vc_row][vc_column width=&#8221;1\/1&#8243;][vc_column_text]<strong>LEA ATENTAMENTE ESTAS CONDICIONES\u00a0<\/strong><\/p>\n<p>1 Las presentes Condiciones Generales regular\u00e1n expresamente las relaciones surgidas entre ARCEVAL JARDINER\u00cdA S.L, n\u00famero de C.I.F.: B81051856, Correo electr\u00f3nico de contacto: bonsai@luisvallejo.com y los terceros (en adelante, \u00abUsuarios\u00bb) que se den de alta como usuarios y\/o adquieran productos a trav\u00e9s de la tienda online del sitio web oficial de ARCEVAL JARDINER\u00cdA S.L, (http:\/\/www.luisvallejoestudiobonsai.com\/tienda\/\u00ab, en adelante la \u00abTienda\u00bb).<\/p>\n<p><strong>2. OBLIGACIONES DEL USUARIO<\/strong><\/p>\n<p>2.1 El Usuario se obliga, con car\u00e1cter general, a utilizar la Tienda, a adquirir los Productos y a utilizar cada uno de los servicios de la Tienda de forma diligente, de conformidad con la ley, la moral, el orden p\u00fablico y lo dispuesto en estas Condiciones Generales, y deber\u00e1 asimismo abstenerse de utilizarlos en cualquier forma que pueda impedir, da\u00f1ar o deteriorar el normal funcionamiento y disfrute de la Tienda por parte de los Usuarios o que pudiera lesionar o causar da\u00f1os a los bienes y derechos de ARCEVAL JARDINER\u00cdA S.L,, sus proveedores, Usuarios o en general de cualquier tercero.<\/p>\n<p><strong>3. PRODUCTOS Y PRECIOS<\/strong><\/p>\n<p>3.1 ARCEVAL JARDINER\u00cdA S.L, se reserva el derecho a decidir, en cada momento, los Productos que se ofrezcan a los Usuarios a trav\u00e9s de la Tienda. En particular, ARCEVAL JARDINER\u00cdA S.L, podr\u00e1 en cualquier momento adicionar nuevos Productos a los ofrecidos o incluidos en la Tienda, entendi\u00e9ndose que salvo que se disponga otra cosa, tales nuevos Productos se regir\u00e1n por lo dispuesto en las presentes Condiciones Generales. Asimismo, ARCEVAL JARDINER\u00cdA S.L, se reserva el derecho a dejar de prestar o facilitar el acceso y utilizaci\u00f3n en cualquier momento y sin previo aviso de cualquiera de las distintas clases de Productos que se ofrecen en la Tienda.<\/p>\n<p>3.2 Los Productos incluidos en la Tienda se corresponder\u00e1n de la forma m\u00e1s fidedigna posible que permita la tecnolog\u00eda de visualizaci\u00f3n en web a los Productos efectivamente ofrecidos. Las caracter\u00edsticas de los Productos y sus precios aparecen en la Tienda. Los precios indicados en la Tienda son en Euros e incluyen el IVA, salvo indicaci\u00f3n en contrario.<\/p>\n<p><strong>4. FORMA DE PAGO DE LOS PRODUCTOS<\/strong><\/p>\n<p>4.1 En el plazo m\u00e1ximo de veinticuatro (24) horas, ARCEVAL JARDINER\u00cdA S.L, \u00a0enviar\u00e1 un correo electr\u00f3nico al Usuario, confirm\u00e1ndole la compra. Dicho correo electr\u00f3nico asignar\u00e1 un c\u00f3digo de referencia de la compra, y detallar\u00e1 las caracter\u00edsticas del Producto, su precio, los gastos de env\u00edo y los datos de las distintas opciones para efectuar el pago de los Productos a ARCEVAL JARDINER\u00cdA S.L,<\/p>\n<p>4.2 El Usuario que adquiera un producto a trav\u00e9s de la Tienda deber\u00e1 efectuar el pago mediante los sistemas de pago espec\u00edficamente detallados en la Tienda.<\/p>\n<p>4.3 ARCEVAL JARDINER\u00cdA S.L archivar\u00e1 los documentos electr\u00f3nicos en los que se formalice el contrato, remitiendo una copia al Usuario una vez hecha la compra.<\/p>\n<p><strong>5. DERECHO DE DESISTIMIENTO<\/strong><\/p>\n<p>5.1 El usuario tiene un derecho de desistimiento por el que podr\u00e1 ponerse en contacto con ARCEVAL JARDINER\u00cdA S.L, \u00a0a trav\u00e9s del correo electr\u00f3nico en la siguiente direcci\u00f3n: bonsai@luisvallejo.com y desistir de la compra en un plazo no superior a siete (7) d\u00edas h\u00e1biles, contados a partir de la recepci\u00f3n del Producto. El Producto deber\u00e1 enviarse junto con la hoja de devoluci\u00f3n debidamente cumplimentada y una copia del albar\u00e1n de entrega o de la factura, debidamente cumplimentada,, corriendo a cargo de ARCEVAL JARDINER\u00cdA S.L el coste directo de devoluci\u00f3n del Producto. Dicha devoluci\u00f3n se har\u00e1 de conformidad con las instrucciones que ARCEVAL JARDINER\u00cdA S.L, indique al Usuario en contestaci\u00f3n a su notificaci\u00f3n del ejercicio de desistimiento. El Usuario deber\u00e1 devolver el Producto en el plazo m\u00e1ximo de siete (7) d\u00edas desde que ARCEVAL JARDINER\u00cdA S.L, le indique la forma de devoluci\u00f3n.<\/p>\n<p>5.2 El desistimiento conlleva la devoluci\u00f3n del importe pagado. Para ello, el cliente deber\u00e1 indicar en la hoja de devoluci\u00f3n el n\u00famero y el titular de la tarjeta de cr\u00e9dito a la que ARCEVAL JARDINER\u00cdA S.L, deber\u00e1 efectuar el abono. El plazo para dicho abono ser\u00e1 el establecido en la Ley.<\/p>\n<p>5.3 No podr\u00e1 ejercitarse el derecho de desistimiento cuando el Producto no se devuelva en su embalaje original y cuando el Producto no est\u00e9 en perfecto estado.<\/p>\n<p><strong>6. SERVICIO DE ATENCI\u00d3N AL CLIENTE<\/strong><\/p>\n<p>6.1 Para cualquier incidencia o reclamaci\u00f3n el Usuario podr\u00e1 enviar un correo electr\u00f3nico a la direcci\u00f3n bonsai@luisvallejo.com o por tel\u00e9fono al numero \u00a091 765 20 41.<\/p>\n<p><strong>7. SERVICIO DE ENTREGA A DOMICILIO<\/strong><\/p>\n<p>7.1 El \u00e1mbito territorial de las ventas a trav\u00e9s de la Tienda es exclusivamente para el territorio de la pen\u00ednsula, por lo que el servicio de entrega s\u00f3lo ser\u00e1 para dicho territorio. Los Productos comprados a trav\u00e9s de la Tienda se enviar\u00e1n a la direcci\u00f3n de entrega que el Usuario indique una vez comprobado el pago, siendo el plazo m\u00e1ximo de entrega el de treinta (30) d\u00edas establecido por defecto en la Ley.<\/p>\n<p>7.2 El servicio de entrega de ARCEVAL JARDINER\u00cdA S.L se realiza con reparto propio. No se servir\u00e1n pedidos en Apartados de Correos.<\/p>\n<p>7.3 El coste de los env\u00edos no est\u00e1 incluido en el precio de los Productos. En el momento de adquisici\u00f3n del Producto, el Usuario ser\u00e1 informado del coste exacto de env\u00edo.<\/p>\n<p><strong>8. PROPIEDAD INTELECTUAL E INDUSTRIAL<\/strong><\/p>\n<p>8.1 El Usuario reconoce que todos los elementos de la Tienda y de cada uno de los Productos, la informaci\u00f3n y materiales contenidos en los mismos, las marcas, la estructura, selecci\u00f3n, ordenaci\u00f3n y presentaci\u00f3n de sus contenidos, y los programas de ordenador utilizados en relaci\u00f3n con ellos, est\u00e1n protegidos por derechos de propiedad intelectual e industrial de la propia ARCEVAL JARDINER\u00cdA S.L, o de terceros, y que las Condiciones Generales no le atribuyen respecto a dichos derechos de propiedad industrial e intelectual ning\u00fan otro derecho distinto de los espec\u00edficamente contemplados en las mismas.<\/p>\n<p>8.2 Salvo que fuera autorizado por ARCEVAL JARDINER\u00cdA S.L, o en su caso por los terceros titulares de los derechos correspondientes, o a menos que ello resulte legalmente permitido, el Usuario no podr\u00e1 reproducir, transformar, modificar, desensamblar, realizar ingenier\u00eda inversa, distribuir, alquilar, prestar, poner a disposici\u00f3n, o permitir el acceso al p\u00fablico a trav\u00e9s de cualquier modalidad de comunicaci\u00f3n p\u00fablica de ninguno de los elementos referidos en el p\u00e1rrafo anterior. El Usuario deber\u00e1 utilizar los materiales, elementos e informaci\u00f3n a la que acceda a trav\u00e9s de la utilizaci\u00f3n de la Tienda \u00fanicamente para sus propias necesidades, oblig\u00e1ndose a no realizar ni directa ni indirectamente una explotaci\u00f3n comercial de los materiales, elementos e informaci\u00f3n obtenidos a trav\u00e9s de los mismos.<\/p>\n<p>8.3 El Usuario deber\u00e1 abstenerse de eludir o manipular cualesquiera dispositivos t\u00e9cnicos establecidos por ARCEVAL JARDINER\u00cdA S.L o por terceros en la Tienda.<\/p>\n<p><strong>9. PROTECCI\u00d3N DE DATOS<\/strong><\/p>\n<p>9.1 Toda la informaci\u00f3n facilitada mediante el formulario de inscripci\u00f3n, as\u00ed como la procedente de las transacciones realizadas ser\u00e1 conservada en un fichero de datos de ARCEVAL JARDINER\u00cdA S.L, mientras no se solicite su cancelaci\u00f3n. El tratamiento se destinar\u00e1 al desarrollo y ejecuci\u00f3n de la venta, la atenci\u00f3n personalizada de los productos y servicios que adquiera y, mientras no se comunique la oposici\u00f3n, a la mejora de dicha atenci\u00f3n, as\u00ed como a la promoci\u00f3n de productos y servicios propios y de terceras empresas vinculadas a ARCEVAL JARDINER\u00cdA S.L. De esta forma, se autoriza la remisi\u00f3n, incluso a trav\u00e9s de medios electr\u00f3nicos, por parte de las citadas entidades, de comunicaciones comerciales y ofertas y concursos promocionales.<\/p>\n<p>9.2 El Usuario podr\u00e1 ejercer en cualquier momento los derechos de acceso, rectificaci\u00f3n, oposici\u00f3n o cancelaci\u00f3n dirigi\u00e9ndose a ARCEVAL JARDINER\u00cdA S.L, mediante correo electr\u00f3nico dirigido a bonsai@luisvallejo.com.<\/p>\n<p><strong>10. CONTRASE\u00d1AS<\/strong><\/p>\n<p>10.1 ARCEVAL JARDINER\u00cdA S.L, facilitar\u00e1 el uso de contrase\u00f1as personales al usuario que se registre como tal en el sitio web. Dichas contrase\u00f1as servir\u00e1n para el acceso a los servicios prestados por medio del Sitio Web. El usuario deber\u00e1 mantener bajo su exclusiva responsabilidad las contrase\u00f1as en la m\u00e1s estricta y absoluta confidencialidad, asumiendo, por tanto, cuantos da\u00f1os o consecuencias de todo tipo se deriven del quebrantamiento o revelaci\u00f3n del secreto. Por razones de seguridad, la contrase\u00f1a de acceso telem\u00e1tico a los servicios vinculados al Sitio Web podr\u00e1 ser modificada en todo momento por el usuario. El Usuario se compromete a notificar a ARCEVAL JARDINER\u00cdA S.L de forma inmediata cualquier uso no autorizado de su contrase\u00f1a, as\u00ed como el acceso por terceros no autorizados a la misma.[\/vc_column_text][\/vc_column][\/vc_row]<\/p>\n<\/div>","protected":false},"excerpt":{"rendered":"<p>[vc_row][vc_column width=&#8221;1\/1&#8243;][vc_column_text]LEA ATENTAMENTE ESTAS CONDICIONES\u00a0 1 Las presentes Condiciones Generales regular\u00e1n expresamente las relaciones surgidas entre ARCEVAL JARDINER\u00cdA S.L, n\u00famero [&hellip;]<\/p>\n","protected":false},"author":1,"featured_media":0,"parent":0,"menu_order":0,"comment_status":"closed","ping_status":"closed","template":"","meta":{"footnotes":""},"class_list":["post-1493","page","type-page","status-publish","hentry"],"yoast_head":"<!-- This site is optimized with the Yoast SEO plugin v27.3 - https:\/\/yoast.com\/product\/yoast-seo-wordpress\/ -->\n<title>Condiciones de uso - Luis Vallejo. Bons\u00e1i Museum<\/title>\n<meta name=\"description\" content=\"El Jard\u00edn bons\u00e1i Luis Vallejo, est\u00e1 considerada como una de las mejores colecciones de bons\u00e1i fuera de Jap\u00f3n en cuanto a variedad y calidad de sus ejemplares. La colecci\u00f3n cuenta con ejemplares aut\u00f3ctonos dise\u00f1ados por Luis Vallejo y ejemplares de Maestros japoneses destacados como; Masahiko Kimura, Saburo Kato, Hiroshi Takeyama o Shinji Suzuki. \u00bfTodav\u00eda no has visitado nuestro Jard\u00edn? \u00bfno has visto nuestra maravillosa tienda? Te esperamos!\" \/>\n<meta name=\"robots\" content=\"index, follow, max-snippet:-1, max-image-preview:large, max-video-preview:-1\" \/>\n<link rel=\"canonical\" href=\"https:\/\/luisvallejoestudiobonsai.com\/en\/condiciones-de-uso\/\" \/>\n<meta property=\"og:locale\" content=\"en_US\" \/>\n<meta property=\"og:type\" content=\"article\" \/>\n<meta property=\"og:title\" content=\"Condiciones de uso - Luis Vallejo. Bons\u00e1i Museum\" \/>\n<meta property=\"og:description\" content=\"El Jard\u00edn bons\u00e1i Luis Vallejo, est\u00e1 considerada como una de las mejores colecciones de bons\u00e1i fuera de Jap\u00f3n en cuanto a variedad y calidad de sus ejemplares. La colecci\u00f3n cuenta con ejemplares aut\u00f3ctonos dise\u00f1ados por Luis Vallejo y ejemplares de Maestros japoneses destacados como; Masahiko Kimura, Saburo Kato, Hiroshi Takeyama o Shinji Suzuki. \u00bfTodav\u00eda no has visitado nuestro Jard\u00edn? \u00bfno has visto nuestra maravillosa tienda? Te esperamos!\" \/>\n<meta property=\"og:url\" content=\"https:\/\/luisvallejoestudiobonsai.com\/en\/condiciones-de-uso\/\" \/>\n<meta property=\"og:site_name\" content=\"Luis Vallejo. Bons\u00e1i Museum\" \/>\n<meta property=\"article:publisher\" content=\"https:\/\/www.facebook.com\/lveb.museo.7\" \/>\n<meta property=\"article:modified_time\" content=\"2021-07-08T11:16:35+00:00\" \/>\n<meta name=\"twitter:card\" content=\"summary_large_image\" \/>\n<meta name=\"twitter:label1\" content=\"Est. reading time\" \/>\n\t<meta name=\"twitter:data1\" content=\"6 minutes\" \/>\n<script type=\"application\/ld+json\" class=\"yoast-schema-graph\">{\"@context\":\"https:\\\/\\\/schema.org\",\"@graph\":[{\"@type\":\"WebPage\",\"@id\":\"https:\\\/\\\/luisvallejoestudiobonsai.com\\\/en\\\/condiciones-de-uso\\\/\",\"url\":\"https:\\\/\\\/luisvallejoestudiobonsai.com\\\/en\\\/condiciones-de-uso\\\/\",\"name\":\"Condiciones de uso - Luis Vallejo. Bons\u00e1i Museum\",\"isPartOf\":{\"@id\":\"https:\\\/\\\/luisvallejoestudiobonsai.com\\\/en\\\/#website\"},\"datePublished\":\"2021-04-23T11:10:43+00:00\",\"dateModified\":\"2021-07-08T11:16:35+00:00\",\"description\":\"El Jard\u00edn bons\u00e1i Luis Vallejo, est\u00e1 considerada como una de las mejores colecciones de bons\u00e1i fuera de Jap\u00f3n en cuanto a variedad y calidad de sus ejemplares. La colecci\u00f3n cuenta con ejemplares aut\u00f3ctonos dise\u00f1ados por Luis Vallejo y ejemplares de Maestros japoneses destacados como; Masahiko Kimura, Saburo Kato, Hiroshi Takeyama o Shinji Suzuki. \u00bfTodav\u00eda no has visitado nuestro Jard\u00edn? \u00bfno has visto nuestra maravillosa tienda? Te esperamos!\",\"breadcrumb\":{\"@id\":\"https:\\\/\\\/luisvallejoestudiobonsai.com\\\/en\\\/condiciones-de-uso\\\/#breadcrumb\"},\"inLanguage\":\"en-US\",\"potentialAction\":[{\"@type\":\"ReadAction\",\"target\":[\"https:\\\/\\\/luisvallejoestudiobonsai.com\\\/en\\\/condiciones-de-uso\\\/\"]}]},{\"@type\":\"BreadcrumbList\",\"@id\":\"https:\\\/\\\/luisvallejoestudiobonsai.com\\\/en\\\/condiciones-de-uso\\\/#breadcrumb\",\"itemListElement\":[{\"@type\":\"ListItem\",\"position\":1,\"name\":\"Portada\",\"item\":\"https:\\\/\\\/luisvallejoestudiobonsai.com\\\/en\\\/\"},{\"@type\":\"ListItem\",\"position\":2,\"name\":\"Condiciones de uso\"}]},{\"@type\":\"WebSite\",\"@id\":\"https:\\\/\\\/luisvallejoestudiobonsai.com\\\/en\\\/#website\",\"url\":\"https:\\\/\\\/luisvallejoestudiobonsai.com\\\/en\\\/\",\"name\":\"Luis Vallejo. Bons\u00e1i Museum\",\"description\":\"Bons\u00e1i Museum Luis Vallejo in Alcobendas, Madrid\",\"publisher\":{\"@id\":\"https:\\\/\\\/luisvallejoestudiobonsai.com\\\/en\\\/#organization\"},\"potentialAction\":[{\"@type\":\"SearchAction\",\"target\":{\"@type\":\"EntryPoint\",\"urlTemplate\":\"https:\\\/\\\/luisvallejoestudiobonsai.com\\\/en\\\/?s={search_term_string}\"},\"query-input\":{\"@type\":\"PropertyValueSpecification\",\"valueRequired\":true,\"valueName\":\"search_term_string\"}}],\"inLanguage\":\"en-US\"},{\"@type\":\"Organization\",\"@id\":\"https:\\\/\\\/luisvallejoestudiobonsai.com\\\/en\\\/#organization\",\"name\":\"Museo Bons\u00e1i Luis Vallejo\",\"url\":\"https:\\\/\\\/luisvallejoestudiobonsai.com\\\/en\\\/\",\"logo\":{\"@type\":\"ImageObject\",\"inLanguage\":\"en-US\",\"@id\":\"https:\\\/\\\/luisvallejoestudiobonsai.com\\\/en\\\/#\\\/schema\\\/logo\\\/image\\\/\",\"url\":\"https:\\\/\\\/luisvallejoestudiobonsai.com\\\/en\\\/wp-content\\\/uploads\\\/2024\\\/06\\\/cropped-monograma_JardinBonsai_LuisVallejo.png\",\"contentUrl\":\"https:\\\/\\\/luisvallejoestudiobonsai.com\\\/en\\\/wp-content\\\/uploads\\\/2024\\\/06\\\/cropped-monograma_JardinBonsai_LuisVallejo.png\",\"width\":512,\"height\":512,\"caption\":\"Museo Bons\u00e1i Luis Vallejo\"},\"image\":{\"@id\":\"https:\\\/\\\/luisvallejoestudiobonsai.com\\\/en\\\/#\\\/schema\\\/logo\\\/image\\\/\"},\"sameAs\":[\"https:\\\/\\\/www.facebook.com\\\/lveb.museo.7\",\"https:\\\/\\\/www.instagram.com\\\/luis_arceval\\\/\",\"https:\\\/\\\/www.youtube.com\\\/channel\\\/UCARDh4tmO1DY9bfI6lKAHvg\"]}]}<\/script>\n<!-- \/ Yoast SEO plugin. -->","yoast_head_json":{"title":"Condiciones de uso - Luis Vallejo. Bons\u00e1i Museum","description":"El Jard\u00edn bons\u00e1i Luis Vallejo, est\u00e1 considerada como una de las mejores colecciones de bons\u00e1i fuera de Jap\u00f3n en cuanto a variedad y calidad de sus ejemplares. La colecci\u00f3n cuenta con ejemplares aut\u00f3ctonos dise\u00f1ados por Luis Vallejo y ejemplares de Maestros japoneses destacados como; Masahiko Kimura, Saburo Kato, Hiroshi Takeyama o Shinji Suzuki. \u00bfTodav\u00eda no has visitado nuestro Jard\u00edn? \u00bfno has visto nuestra maravillosa tienda? Te esperamos!","robots":{"index":"index","follow":"follow","max-snippet":"max-snippet:-1","max-image-preview":"max-image-preview:large","max-video-preview":"max-video-preview:-1"},"canonical":"https:\/\/luisvallejoestudiobonsai.com\/en\/condiciones-de-uso\/","og_locale":"en_US","og_type":"article","og_title":"Condiciones de uso - Luis Vallejo. Bons\u00e1i Museum","og_description":"El Jard\u00edn bons\u00e1i Luis Vallejo, est\u00e1 considerada como una de las mejores colecciones de bons\u00e1i fuera de Jap\u00f3n en cuanto a variedad y calidad de sus ejemplares. La colecci\u00f3n cuenta con ejemplares aut\u00f3ctonos dise\u00f1ados por Luis Vallejo y ejemplares de Maestros japoneses destacados como; Masahiko Kimura, Saburo Kato, Hiroshi Takeyama o Shinji Suzuki. \u00bfTodav\u00eda no has visitado nuestro Jard\u00edn? \u00bfno has visto nuestra maravillosa tienda? Te esperamos!","og_url":"https:\/\/luisvallejoestudiobonsai.com\/en\/condiciones-de-uso\/","og_site_name":"Luis Vallejo. Bons\u00e1i Museum","article_publisher":"https:\/\/www.facebook.com\/lveb.museo.7","article_modified_time":"2021-07-08T11:16:35+00:00","twitter_card":"summary_large_image","twitter_misc":{"Est. reading time":"6 minutes"},"schema":{"@context":"https:\/\/schema.org","@graph":[{"@type":"WebPage","@id":"https:\/\/luisvallejoestudiobonsai.com\/en\/condiciones-de-uso\/","url":"https:\/\/luisvallejoestudiobonsai.com\/en\/condiciones-de-uso\/","name":"Condiciones de uso - Luis Vallejo. Bons\u00e1i Museum","isPartOf":{"@id":"https:\/\/luisvallejoestudiobonsai.com\/en\/#website"},"datePublished":"2021-04-23T11:10:43+00:00","dateModified":"2021-07-08T11:16:35+00:00","description":"El Jard\u00edn bons\u00e1i Luis Vallejo, est\u00e1 considerada como una de las mejores colecciones de bons\u00e1i fuera de Jap\u00f3n en cuanto a variedad y calidad de sus ejemplares. La colecci\u00f3n cuenta con ejemplares aut\u00f3ctonos dise\u00f1ados por Luis Vallejo y ejemplares de Maestros japoneses destacados como; Masahiko Kimura, Saburo Kato, Hiroshi Takeyama o Shinji Suzuki. \u00bfTodav\u00eda no has visitado nuestro Jard\u00edn? \u00bfno has visto nuestra maravillosa tienda? Te esperamos!","breadcrumb":{"@id":"https:\/\/luisvallejoestudiobonsai.com\/en\/condiciones-de-uso\/#breadcrumb"},"inLanguage":"en-US","potentialAction":[{"@type":"ReadAction","target":["https:\/\/luisvallejoestudiobonsai.com\/en\/condiciones-de-uso\/"]}]},{"@type":"BreadcrumbList","@id":"https:\/\/luisvallejoestudiobonsai.com\/en\/condiciones-de-uso\/#breadcrumb","itemListElement":[{"@type":"ListItem","position":1,"name":"Portada","item":"https:\/\/luisvallejoestudiobonsai.com\/en\/"},{"@type":"ListItem","position":2,"name":"Condiciones de uso"}]},{"@type":"WebSite","@id":"https:\/\/luisvallejoestudiobonsai.com\/en\/#website","url":"https:\/\/luisvallejoestudiobonsai.com\/en\/","name":"Luis Vallejo. Bons\u00e1i Museum","description":"Bons\u00e1i Museum Luis Vallejo in Alcobendas, Madrid","publisher":{"@id":"https:\/\/luisvallejoestudiobonsai.com\/en\/#organization"},"potentialAction":[{"@type":"SearchAction","target":{"@type":"EntryPoint","urlTemplate":"https:\/\/luisvallejoestudiobonsai.com\/en\/?s={search_term_string}"},"query-input":{"@type":"PropertyValueSpecification","valueRequired":true,"valueName":"search_term_string"}}],"inLanguage":"en-US"},{"@type":"Organization","@id":"https:\/\/luisvallejoestudiobonsai.com\/en\/#organization","name":"Museo Bons\u00e1i Luis Vallejo","url":"https:\/\/luisvallejoestudiobonsai.com\/en\/","logo":{"@type":"ImageObject","inLanguage":"en-US","@id":"https:\/\/luisvallejoestudiobonsai.com\/en\/#\/schema\/logo\/image\/","url":"https:\/\/luisvallejoestudiobonsai.com\/en\/wp-content\/uploads\/2024\/06\/cropped-monograma_JardinBonsai_LuisVallejo.png","contentUrl":"https:\/\/luisvallejoestudiobonsai.com\/en\/wp-content\/uploads\/2024\/06\/cropped-monograma_JardinBonsai_LuisVallejo.png","width":512,"height":512,"caption":"Museo Bons\u00e1i Luis Vallejo"},"image":{"@id":"https:\/\/luisvallejoestudiobonsai.com\/en\/#\/schema\/logo\/image\/"},"sameAs":["https:\/\/www.facebook.com\/lveb.museo.7","https:\/\/www.instagram.com\/luis_arceval\/","https:\/\/www.youtube.com\/channel\/UCARDh4tmO1DY9bfI6lKAHvg"]}]}},"_links":{"self":[{"href":"https:\/\/luisvallejoestudiobonsai.com\/en\/wp-json\/wp\/v2\/pages\/1493","targetHints":{"allow":["GET"]}}],"collection":[{"href":"https:\/\/luisvallejoestudiobonsai.com\/en\/wp-json\/wp\/v2\/pages"}],"about":[{"href":"https:\/\/luisvallejoestudiobonsai.com\/en\/wp-json\/wp\/v2\/types\/page"}],"author":[{"embeddable":true,"href":"https:\/\/luisvallejoestudiobonsai.com\/en\/wp-json\/wp\/v2\/users\/1"}],"replies":[{"embeddable":true,"href":"https:\/\/luisvallejoestudiobonsai.com\/en\/wp-json\/wp\/v2\/comments?post=1493"}],"version-history":[{"count":3,"href":"https:\/\/luisvallejoestudiobonsai.com\/en\/wp-json\/wp\/v2\/pages\/1493\/revisions"}],"predecessor-version":[{"id":1591,"href":"https:\/\/luisvallejoestudiobonsai.com\/en\/wp-json\/wp\/v2\/pages\/1493\/revisions\/1591"}],"wp:attachment":[{"href":"https:\/\/luisvallejoestudiobonsai.com\/en\/wp-json\/wp\/v2\/media?parent=1493"}],"curies":[{"name":"wp","href":"https:\/\/api.w.org\/{rel}","templated":true}]}}