{"id":1491,"date":"2021-04-23T10:51:17","date_gmt":"2021-04-23T10:51:17","guid":{"rendered":"https:\/\/luisvallejoestudiobonsai.com\/?page_id=1491"},"modified":"2021-09-23T15:05:18","modified_gmt":"2021-09-23T15:05:18","slug":"aviso-legal-y-politica-de-privacidad","status":"publish","type":"page","link":"https:\/\/luisvallejoestudiobonsai.com\/en\/aviso-legal-y-politica-de-privacidad\/","title":{"rendered":"Aviso Legal y pol\u00edtica de privacidad"},"content":{"rendered":"<div class=\"wpb-content-wrapper\"><p>[vc_row][vc_column width=&#8221;1\/1&#8243;][vc_column_text uncode_shortcode_id=&#8221;199554&#8243;]A trav\u00e9s del presente aviso, la mercantil ARCEVAL JARDINERIA, S.L. con C.I.F: B-81051856, informa a los usuarios del sitio Web acerca de su Pol\u00edtica de Protecci\u00f3n de Datos Personales, con la finalidad de que \u00e9stos decidan libre y voluntariamente si desean facilitar a la mercantil ARCEVAL JARDINERIA, S.L., los datos personales que les puedan ser solicitados en la Web.<\/p>\n<p>La mercantil ARCEVAL JARDINERIA, S.L., se reserva el derecho de modificar su Pol\u00edtica de Protecci\u00f3n de Datos de acuerdo a su criterio, o a causa de un cambio legislativo, jurisprudencial o de la pr\u00e1ctica empresarial. Tales modificaciones ser\u00e1n publicadas en este sitio, facilitando, la ARCEVAL JARDINERIA, S.L., los recursos necesarios al usuario para acceder a la lectura de las mismas. En cualquier caso, la relaci\u00f3n con los usuarios se regir\u00e1 por las normas previstas en el momento preciso en que se accede al sitio Web.<\/p>\n<p>De conformidad con lo establecido en el Reglamento (UE) 2016\/679 y en la Ley Org\u00e1nica 3\/2018 de Protecci\u00f3n de Datos y Garant\u00eda de los Derechos Digitales, en adelante RGPD y LOPDGDD, se informa de los siguientes extremos:<br \/>\na) Existencia de tratamientos de datos y responsable del mismo:<br \/>\nLos datos personales que usted nos proporciona a trav\u00e9s del presente sitio Web ser\u00e1n objeto de un tratamiento cuyo responsable es la ARCEVAL JARDINERIA, S.L., titular del sitio web www.luisvallejoestudiobonsai.com., con domicilio social en el paseo de los Serbales, 4, Urb. Ciudalcampo, San Sebasti\u00e1n de los Reyes 28707 (Madrid) (Espa\u00f1a), y correo electr\u00f3nico bonsai@luisvallejo.com.<br \/>\nb) Env\u00edo de datos:<br \/>\nEl env\u00edo de los datos a trav\u00e9s del presente sitio implicar\u00e1 el consentimiento expreso e inequ\u00edvoco del<br \/>\nusuario para el tratamiento de sus datos de car\u00e1cter personal conforme a la presente Pol\u00edtica.<br \/>\nc) Finalidad de la recogida de los Datos.<br \/>\nLos datos ser\u00e1n tratados con las siguientes finalidades: gesti\u00f3n administrativa y de actividades<br \/>\nrelacionadas con su objeto social; gesti\u00f3n de informaci\u00f3n solicitada a trav\u00e9s de la web; y noticias relacionadas con las actividades, a trav\u00e9s de p\u00e1ginas web, medios de comunicaci\u00f3n, correo electr\u00f3nico y redes sociales.<br \/>\nd) Destinatarios de la informaci\u00f3n y cesi\u00f3n de Datos.<br \/>\nLos datos objeto de tratamiento no ser\u00e1n cedidos o comunicados a terceros ya sean personas f\u00edsicas o jur\u00eddicas, Salvo para el cumplimiento de una obligaci\u00f3n legalmente establecida, o en su caso de que el interesado otorgue su consentimiento.<br \/>\ne) Derechos del interesado<br \/>\nEl tratamiento de datos se encuentra legitimados en base al art\u00edculo 6.1.a) del RGPD al existir consentimiento del interesado que se concreta en la aceptaci\u00f3n de los presentes t\u00e9rminos y condiciones, que suponen el consentimiento expreso al tratamiento. En el caso de existir una relaci\u00f3n contractual entre el interesado y la mercantil ARCEVAL JARDINERIA, S.L., el tratamiento de datos personales se encontrar\u00eda legitimado en base al art\u00edculo 6.1.c) RGPD al basarse en el cumplimiento de obligaci\u00f3n legal; y art\u00edculo 6.1.f) RGPD al existir inter\u00e9s leg\u00edtimo por parte de la mercantil ARCEVAL JARDINERIA, S.L., para el tratamiento de los datos.<\/p>\n<p>El Responsable del Tratamiento llevar\u00e1 a cabo un tratamiento de forma l\u00edcita, leal, transparente,<br \/>\nadecuada, pertinente, limitada, exacta y actualizada. Es por ello por lo que se garantiza la seguridad de los datos mediante la adopci\u00f3n de medidas t\u00e9cnicas y organizativas que permitan la integridad de los mismos y el ejercicio de los derechos que asisten a los interesados.<br \/>\nEn este sentido, los interesados podr\u00e1n ejercitar los derechos de acceso, rectificaci\u00f3n, limitaci\u00f3n de tratamiento, supresi\u00f3n, portabilidad y oposici\u00f3n al tratamiento de sus datos de car\u00e1cter personal, as\u00ed como al consentimiento prestado para el tratamiento de los mismos, dirigiendo su petici\u00f3n a la direcci\u00f3n postal de la mercantil ARCEVAL JARDINERIA, S.L., indicada m\u00e1s arriba o al correo electr\u00f3nico bonsai@luisvallejo.com.<\/p>\n<p>Asimismo, se informa al interesado de su derecho a revocar, en su caso, el consentimiento para el tratamiento indicado, por los mismos canales expresados con anterioridad, y de la posibilidad de presentar reclamaci\u00f3n ante la AGPD en caso de entender que se han vulnerado sus derechos. Para el ejercicio de los citados derechos, deber\u00e1 acompa\u00f1arse copia del DNI junto a la solicitud y remitirlos a las direcciones especificadas anteriormente y que se reiteran a continuaci\u00f3n:<br \/>\nLa siguiente direcci\u00f3n de correo electr\u00f3nico: bonsai@luisvallejo.com.<br \/>\n\u2022 La siguiente direcci\u00f3n postal: Paseo de los Serbales, 4, Urb. Ciudalcampo, San Sebasti\u00e1n de<br \/>\nlos Reyes 28707 Madrid, Espa\u00f1a.[\/vc_column_text][\/vc_column][\/vc_row]<\/p>\n<\/div>","protected":false},"excerpt":{"rendered":"<p>[vc_row][vc_column width=&#8221;1\/1&#8243;][vc_column_text uncode_shortcode_id=&#8221;199554&#8243;]A trav\u00e9s del presente aviso, la mercantil ARCEVAL JARDINERIA, S.L. con C.I.F: B-81051856, informa a los usuarios del [&hellip;]<\/p>\n","protected":false},"author":1,"featured_media":0,"parent":0,"menu_order":0,"comment_status":"closed","ping_status":"closed","template":"","meta":{"footnotes":""},"class_list":["post-1491","page","type-page","status-publish","hentry"],"yoast_head":"<!-- This site is optimized with the Yoast SEO plugin v27.3 - https:\/\/yoast.com\/product\/yoast-seo-wordpress\/ -->\n<title>Aviso Legal y pol\u00edtica de privacidad - Luis Vallejo. Bons\u00e1i Museum<\/title>\n<meta name=\"description\" content=\"El Jard\u00edn bons\u00e1i Luis Vallejo, est\u00e1 considerada como una de las mejores colecciones de bons\u00e1i fuera de Jap\u00f3n en cuanto a variedad y calidad de sus ejemplares. La colecci\u00f3n cuenta con ejemplares aut\u00f3ctonos dise\u00f1ados por Luis Vallejo y ejemplares de Maestros japoneses destacados como; Masahiko Kimura, Saburo Kato, Hiroshi Takeyama o Shinji Suzuki. \u00bfTodav\u00eda no has visitado nuestro Jard\u00edn? \u00bfno has visto nuestra maravillosa tienda? Te esperamos!\" \/>\n<meta name=\"robots\" content=\"index, follow, max-snippet:-1, max-image-preview:large, max-video-preview:-1\" \/>\n<link rel=\"canonical\" href=\"https:\/\/luisvallejoestudiobonsai.com\/en\/aviso-legal-y-politica-de-privacidad\/\" \/>\n<meta property=\"og:locale\" content=\"en_US\" \/>\n<meta property=\"og:type\" content=\"article\" \/>\n<meta property=\"og:title\" content=\"Aviso Legal y pol\u00edtica de privacidad - Luis Vallejo. Bons\u00e1i Museum\" \/>\n<meta property=\"og:description\" content=\"El Jard\u00edn bons\u00e1i Luis Vallejo, est\u00e1 considerada como una de las mejores colecciones de bons\u00e1i fuera de Jap\u00f3n en cuanto a variedad y calidad de sus ejemplares. La colecci\u00f3n cuenta con ejemplares aut\u00f3ctonos dise\u00f1ados por Luis Vallejo y ejemplares de Maestros japoneses destacados como; Masahiko Kimura, Saburo Kato, Hiroshi Takeyama o Shinji Suzuki. \u00bfTodav\u00eda no has visitado nuestro Jard\u00edn? \u00bfno has visto nuestra maravillosa tienda? Te esperamos!\" \/>\n<meta property=\"og:url\" content=\"https:\/\/luisvallejoestudiobonsai.com\/en\/aviso-legal-y-politica-de-privacidad\/\" \/>\n<meta property=\"og:site_name\" content=\"Luis Vallejo. Bons\u00e1i Museum\" \/>\n<meta property=\"article:publisher\" content=\"https:\/\/www.facebook.com\/lveb.museo.7\" \/>\n<meta property=\"article:modified_time\" content=\"2021-09-23T15:05:18+00:00\" \/>\n<meta name=\"twitter:card\" content=\"summary_large_image\" \/>\n<meta name=\"twitter:label1\" content=\"Est. reading time\" \/>\n\t<meta name=\"twitter:data1\" content=\"4 minutes\" \/>\n<script type=\"application\/ld+json\" class=\"yoast-schema-graph\">{\"@context\":\"https:\\\/\\\/schema.org\",\"@graph\":[{\"@type\":\"WebPage\",\"@id\":\"https:\\\/\\\/luisvallejoestudiobonsai.com\\\/en\\\/aviso-legal-y-politica-de-privacidad\\\/\",\"url\":\"https:\\\/\\\/luisvallejoestudiobonsai.com\\\/en\\\/aviso-legal-y-politica-de-privacidad\\\/\",\"name\":\"Aviso Legal y pol\u00edtica de privacidad - Luis Vallejo. Bons\u00e1i Museum\",\"isPartOf\":{\"@id\":\"https:\\\/\\\/luisvallejoestudiobonsai.com\\\/en\\\/#website\"},\"datePublished\":\"2021-04-23T10:51:17+00:00\",\"dateModified\":\"2021-09-23T15:05:18+00:00\",\"description\":\"El Jard\u00edn bons\u00e1i Luis Vallejo, est\u00e1 considerada como una de las mejores colecciones de bons\u00e1i fuera de Jap\u00f3n en cuanto a variedad y calidad de sus ejemplares. La colecci\u00f3n cuenta con ejemplares aut\u00f3ctonos dise\u00f1ados por Luis Vallejo y ejemplares de Maestros japoneses destacados como; Masahiko Kimura, Saburo Kato, Hiroshi Takeyama o Shinji Suzuki. \u00bfTodav\u00eda no has visitado nuestro Jard\u00edn? \u00bfno has visto nuestra maravillosa tienda? Te esperamos!\",\"breadcrumb\":{\"@id\":\"https:\\\/\\\/luisvallejoestudiobonsai.com\\\/en\\\/aviso-legal-y-politica-de-privacidad\\\/#breadcrumb\"},\"inLanguage\":\"en-US\",\"potentialAction\":[{\"@type\":\"ReadAction\",\"target\":[\"https:\\\/\\\/luisvallejoestudiobonsai.com\\\/en\\\/aviso-legal-y-politica-de-privacidad\\\/\"]}]},{\"@type\":\"BreadcrumbList\",\"@id\":\"https:\\\/\\\/luisvallejoestudiobonsai.com\\\/en\\\/aviso-legal-y-politica-de-privacidad\\\/#breadcrumb\",\"itemListElement\":[{\"@type\":\"ListItem\",\"position\":1,\"name\":\"Portada\",\"item\":\"https:\\\/\\\/luisvallejoestudiobonsai.com\\\/en\\\/\"},{\"@type\":\"ListItem\",\"position\":2,\"name\":\"Aviso Legal y pol\u00edtica de privacidad\"}]},{\"@type\":\"WebSite\",\"@id\":\"https:\\\/\\\/luisvallejoestudiobonsai.com\\\/en\\\/#website\",\"url\":\"https:\\\/\\\/luisvallejoestudiobonsai.com\\\/en\\\/\",\"name\":\"Luis Vallejo. Bons\u00e1i Museum\",\"description\":\"Bons\u00e1i Museum Luis Vallejo in Alcobendas, Madrid\",\"publisher\":{\"@id\":\"https:\\\/\\\/luisvallejoestudiobonsai.com\\\/en\\\/#organization\"},\"potentialAction\":[{\"@type\":\"SearchAction\",\"target\":{\"@type\":\"EntryPoint\",\"urlTemplate\":\"https:\\\/\\\/luisvallejoestudiobonsai.com\\\/en\\\/?s={search_term_string}\"},\"query-input\":{\"@type\":\"PropertyValueSpecification\",\"valueRequired\":true,\"valueName\":\"search_term_string\"}}],\"inLanguage\":\"en-US\"},{\"@type\":\"Organization\",\"@id\":\"https:\\\/\\\/luisvallejoestudiobonsai.com\\\/en\\\/#organization\",\"name\":\"Museo Bons\u00e1i Luis Vallejo\",\"url\":\"https:\\\/\\\/luisvallejoestudiobonsai.com\\\/en\\\/\",\"logo\":{\"@type\":\"ImageObject\",\"inLanguage\":\"en-US\",\"@id\":\"https:\\\/\\\/luisvallejoestudiobonsai.com\\\/en\\\/#\\\/schema\\\/logo\\\/image\\\/\",\"url\":\"https:\\\/\\\/luisvallejoestudiobonsai.com\\\/en\\\/wp-content\\\/uploads\\\/2024\\\/06\\\/cropped-monograma_JardinBonsai_LuisVallejo.png\",\"contentUrl\":\"https:\\\/\\\/luisvallejoestudiobonsai.com\\\/en\\\/wp-content\\\/uploads\\\/2024\\\/06\\\/cropped-monograma_JardinBonsai_LuisVallejo.png\",\"width\":512,\"height\":512,\"caption\":\"Museo Bons\u00e1i Luis Vallejo\"},\"image\":{\"@id\":\"https:\\\/\\\/luisvallejoestudiobonsai.com\\\/en\\\/#\\\/schema\\\/logo\\\/image\\\/\"},\"sameAs\":[\"https:\\\/\\\/www.facebook.com\\\/lveb.museo.7\",\"https:\\\/\\\/www.instagram.com\\\/luis_arceval\\\/\",\"https:\\\/\\\/www.youtube.com\\\/channel\\\/UCARDh4tmO1DY9bfI6lKAHvg\"]}]}<\/script>\n<!-- \/ Yoast SEO plugin. -->","yoast_head_json":{"title":"Aviso Legal y pol\u00edtica de privacidad - Luis Vallejo. Bons\u00e1i Museum","description":"El Jard\u00edn bons\u00e1i Luis Vallejo, est\u00e1 considerada como una de las mejores colecciones de bons\u00e1i fuera de Jap\u00f3n en cuanto a variedad y calidad de sus ejemplares. La colecci\u00f3n cuenta con ejemplares aut\u00f3ctonos dise\u00f1ados por Luis Vallejo y ejemplares de Maestros japoneses destacados como; Masahiko Kimura, Saburo Kato, Hiroshi Takeyama o Shinji Suzuki. \u00bfTodav\u00eda no has visitado nuestro Jard\u00edn? \u00bfno has visto nuestra maravillosa tienda? Te esperamos!","robots":{"index":"index","follow":"follow","max-snippet":"max-snippet:-1","max-image-preview":"max-image-preview:large","max-video-preview":"max-video-preview:-1"},"canonical":"https:\/\/luisvallejoestudiobonsai.com\/en\/aviso-legal-y-politica-de-privacidad\/","og_locale":"en_US","og_type":"article","og_title":"Aviso Legal y pol\u00edtica de privacidad - Luis Vallejo. Bons\u00e1i Museum","og_description":"El Jard\u00edn bons\u00e1i Luis Vallejo, est\u00e1 considerada como una de las mejores colecciones de bons\u00e1i fuera de Jap\u00f3n en cuanto a variedad y calidad de sus ejemplares. La colecci\u00f3n cuenta con ejemplares aut\u00f3ctonos dise\u00f1ados por Luis Vallejo y ejemplares de Maestros japoneses destacados como; Masahiko Kimura, Saburo Kato, Hiroshi Takeyama o Shinji Suzuki. \u00bfTodav\u00eda no has visitado nuestro Jard\u00edn? \u00bfno has visto nuestra maravillosa tienda? Te esperamos!","og_url":"https:\/\/luisvallejoestudiobonsai.com\/en\/aviso-legal-y-politica-de-privacidad\/","og_site_name":"Luis Vallejo. Bons\u00e1i Museum","article_publisher":"https:\/\/www.facebook.com\/lveb.museo.7","article_modified_time":"2021-09-23T15:05:18+00:00","twitter_card":"summary_large_image","twitter_misc":{"Est. reading time":"4 minutes"},"schema":{"@context":"https:\/\/schema.org","@graph":[{"@type":"WebPage","@id":"https:\/\/luisvallejoestudiobonsai.com\/en\/aviso-legal-y-politica-de-privacidad\/","url":"https:\/\/luisvallejoestudiobonsai.com\/en\/aviso-legal-y-politica-de-privacidad\/","name":"Aviso Legal y pol\u00edtica de privacidad - Luis Vallejo. Bons\u00e1i Museum","isPartOf":{"@id":"https:\/\/luisvallejoestudiobonsai.com\/en\/#website"},"datePublished":"2021-04-23T10:51:17+00:00","dateModified":"2021-09-23T15:05:18+00:00","description":"El Jard\u00edn bons\u00e1i Luis Vallejo, est\u00e1 considerada como una de las mejores colecciones de bons\u00e1i fuera de Jap\u00f3n en cuanto a variedad y calidad de sus ejemplares. La colecci\u00f3n cuenta con ejemplares aut\u00f3ctonos dise\u00f1ados por Luis Vallejo y ejemplares de Maestros japoneses destacados como; Masahiko Kimura, Saburo Kato, Hiroshi Takeyama o Shinji Suzuki. \u00bfTodav\u00eda no has visitado nuestro Jard\u00edn? \u00bfno has visto nuestra maravillosa tienda? Te esperamos!","breadcrumb":{"@id":"https:\/\/luisvallejoestudiobonsai.com\/en\/aviso-legal-y-politica-de-privacidad\/#breadcrumb"},"inLanguage":"en-US","potentialAction":[{"@type":"ReadAction","target":["https:\/\/luisvallejoestudiobonsai.com\/en\/aviso-legal-y-politica-de-privacidad\/"]}]},{"@type":"BreadcrumbList","@id":"https:\/\/luisvallejoestudiobonsai.com\/en\/aviso-legal-y-politica-de-privacidad\/#breadcrumb","itemListElement":[{"@type":"ListItem","position":1,"name":"Portada","item":"https:\/\/luisvallejoestudiobonsai.com\/en\/"},{"@type":"ListItem","position":2,"name":"Aviso Legal y pol\u00edtica de privacidad"}]},{"@type":"WebSite","@id":"https:\/\/luisvallejoestudiobonsai.com\/en\/#website","url":"https:\/\/luisvallejoestudiobonsai.com\/en\/","name":"Luis Vallejo. Bons\u00e1i Museum","description":"Bons\u00e1i Museum Luis Vallejo in Alcobendas, Madrid","publisher":{"@id":"https:\/\/luisvallejoestudiobonsai.com\/en\/#organization"},"potentialAction":[{"@type":"SearchAction","target":{"@type":"EntryPoint","urlTemplate":"https:\/\/luisvallejoestudiobonsai.com\/en\/?s={search_term_string}"},"query-input":{"@type":"PropertyValueSpecification","valueRequired":true,"valueName":"search_term_string"}}],"inLanguage":"en-US"},{"@type":"Organization","@id":"https:\/\/luisvallejoestudiobonsai.com\/en\/#organization","name":"Museo Bons\u00e1i Luis Vallejo","url":"https:\/\/luisvallejoestudiobonsai.com\/en\/","logo":{"@type":"ImageObject","inLanguage":"en-US","@id":"https:\/\/luisvallejoestudiobonsai.com\/en\/#\/schema\/logo\/image\/","url":"https:\/\/luisvallejoestudiobonsai.com\/en\/wp-content\/uploads\/2024\/06\/cropped-monograma_JardinBonsai_LuisVallejo.png","contentUrl":"https:\/\/luisvallejoestudiobonsai.com\/en\/wp-content\/uploads\/2024\/06\/cropped-monograma_JardinBonsai_LuisVallejo.png","width":512,"height":512,"caption":"Museo Bons\u00e1i Luis Vallejo"},"image":{"@id":"https:\/\/luisvallejoestudiobonsai.com\/en\/#\/schema\/logo\/image\/"},"sameAs":["https:\/\/www.facebook.com\/lveb.museo.7","https:\/\/www.instagram.com\/luis_arceval\/","https:\/\/www.youtube.com\/channel\/UCARDh4tmO1DY9bfI6lKAHvg"]}]}},"_links":{"self":[{"href":"https:\/\/luisvallejoestudiobonsai.com\/en\/wp-json\/wp\/v2\/pages\/1491","targetHints":{"allow":["GET"]}}],"collection":[{"href":"https:\/\/luisvallejoestudiobonsai.com\/en\/wp-json\/wp\/v2\/pages"}],"about":[{"href":"https:\/\/luisvallejoestudiobonsai.com\/en\/wp-json\/wp\/v2\/types\/page"}],"author":[{"embeddable":true,"href":"https:\/\/luisvallejoestudiobonsai.com\/en\/wp-json\/wp\/v2\/users\/1"}],"replies":[{"embeddable":true,"href":"https:\/\/luisvallejoestudiobonsai.com\/en\/wp-json\/wp\/v2\/comments?post=1491"}],"version-history":[{"count":10,"href":"https:\/\/luisvallejoestudiobonsai.com\/en\/wp-json\/wp\/v2\/pages\/1491\/revisions"}],"predecessor-version":[{"id":1668,"href":"https:\/\/luisvallejoestudiobonsai.com\/en\/wp-json\/wp\/v2\/pages\/1491\/revisions\/1668"}],"wp:attachment":[{"href":"https:\/\/luisvallejoestudiobonsai.com\/en\/wp-json\/wp\/v2\/media?parent=1491"}],"curies":[{"name":"wp","href":"https:\/\/api.w.org\/{rel}","templated":true}]}}